{"id":4835,"date":"2021-11-20T14:36:12","date_gmt":"2021-11-20T11:36:12","guid":{"rendered":"https:\/\/turuncmalmen.com\/?page_id=4835"},"modified":"2021-12-23T22:33:45","modified_gmt":"2021-12-23T19:33:45","slug":"reviews-comments","status":"publish","type":"page","link":"https:\/\/turuncmalmen.com\/tr\/reviews-comments\/","title":{"rendered":"Reviews &#038; Comments"},"content":{"rendered":"<div class=\"vc_row wpb_row vc_row-fluid\"><div class=\"wpb_column vc_column_container vc_col-sm-12\"><div class=\"vc_column-inner\"><div class=\"wpb_wrapper\">\n\t<div class=\"wpb_text_column wpb_content_element  about-top\" >\n\t\t<div class=\"wpb_wrapper\">\n\t\t\t<h2 class=\"font-custom1\">Turun\u00e7 Malmen<\/h2>\n<h3>GOOGLE REVIEWS<\/h3>\n<div data-src=\"https:\/\/cdn.trustindex.io\/loader.js?5bbe0f347f364759325a019b62\"><\/div>\n\n\t\t<\/div>\n\t<\/div>\n<\/div><\/div><\/div><\/div><div class=\"vc_row wpb_row vc_row-fluid\"><div class=\"wpb_column vc_column_container vc_col-sm-12 vc_col-lg-6 vc_col-md-6 vc_col-xs-12\"><div class=\"vc_column-inner\"><div class=\"wpb_wrapper\"><div class=\"wpb_revslider_element wpb_content_element about-revo\">\n\t\t\t<!-- START Slider Home1_1 REVOLUTION SLIDER 6.5.12 --><p class=\"rs-p-wp-fix\"><\/p>\n\t\t\t<rs-module-wrap id=\"rev_slider_2_1_wrapper\" data-source=\"gallery\" style=\"visibility:hidden;background:transparent;padding:0;margin:0px auto;margin-top:0;margin-bottom:0;\">\n\t\t\t\t<rs-module id=\"rev_slider_2_1\" style=\"\" data-version=\"6.5.12\">\n\t\t\t\t\t<rs-slides>\n\t\t\t\t\t\t<rs-slide style=\"position: absolute;\" data-key=\"rs-7\" data-title=\"Slide\" data-in=\"o:0;\" data-out=\"a:false;\">\n\t\t\t\t\t\t\t<img fetchpriority=\"high\" decoding=\"async\" src=\"\/\/turuncmalmen.com\/wp-content\/plugins\/revslider\/public\/assets\/assets\/dummy.png\" alt=\"Slide\" title=\"otel 1 as\" width=\"470\" height=\"450\" class=\"rev-slidebg tp-rs-img rs-lazyload\" data-lazyload=\"\/\/turuncmalmen.com\/wp-content\/plugins\/revslider\/public\/assets\/assets\/transparent.png\" data-no-retina>\n<!--\n\t\t\t\t\t\t\t--><rs-layer\n\t\t\t\t\t\t\t\tid=\"slider-2-slide-7-layer-2\" \n\t\t\t\t\t\t\t\tdata-type=\"image\"\n\t\t\t\t\t\t\t\tdata-rsp_ch=\"on\"\n\t\t\t\t\t\t\t\tdata-xy=\"x:107px;y:4px;\"\n\t\t\t\t\t\t\t\tdata-text=\"w:normal;\"\n\t\t\t\t\t\t\t\tdata-dim=\"w:332px;h:442px;\"\n\t\t\t\t\t\t\t\tdata-border=\"bos:solid;bow:2px,2px,2px,0;bor:10px,10px,10px,10px;\"\n\t\t\t\t\t\t\t\tdata-frame_999=\"o:0;st:w;\"\n\t\t\t\t\t\t\t\tstyle=\"z-index:5;\"\n\t\t\t\t\t\t\t><img decoding=\"async\" src=\"\/\/turuncmalmen.com\/wp-content\/plugins\/revslider\/public\/assets\/assets\/dummy.png\" alt=\"\" class=\"tp-rs-img rs-lazyload\" width=\"1200\" height=\"1600\" data-lazyload=\"\/\/turuncmalmen.com\/wp-content\/uploads\/D80CCAA3-E5C6-4A1F-A8D0-29FD46D2B785.jpeg\" data-no-retina> \n\t\t\t\t\t\t\t<\/rs-layer><!--\n-->\t\t\t\t\t\t<\/rs-slide>\n\t\t\t\t\t\t<rs-slide style=\"position: absolute;\" data-key=\"rs-5\" data-title=\"Slide\" data-in=\"o:0;\" data-out=\"a:false;\">\n\t\t\t\t\t\t\t<img decoding=\"async\" src=\"\/\/turuncmalmen.com\/wp-content\/plugins\/revslider\/public\/assets\/assets\/dummy.png\" alt=\"\" title=\"Reviews &#038; Comments\" class=\"rev-slidebg tp-rs-img rs-lazyload\" data-lazyload=\"\/\/turuncmalmen.com\/wp-content\/plugins\/revslider\/public\/assets\/assets\/transparent.png\" data-no-retina>\n<!--\n\t\t\t\t\t\t\t--><rs-layer\n\t\t\t\t\t\t\t\tid=\"slider-2-slide-5-layer-2\" \n\t\t\t\t\t\t\t\tdata-type=\"image\"\n\t\t\t\t\t\t\t\tdata-rsp_ch=\"on\"\n\t\t\t\t\t\t\t\tdata-xy=\"x:62px;y:7px;\"\n\t\t\t\t\t\t\t\tdata-text=\"w:normal;\"\n\t\t\t\t\t\t\t\tdata-dim=\"w:435px;h:435px;\"\n\t\t\t\t\t\t\t\tdata-border=\"bos:solid;bow:2px,2px,2px,0;bor:10px,10px,10px,10px;\"\n\t\t\t\t\t\t\t\tdata-frame_999=\"o:0;st:w;\"\n\t\t\t\t\t\t\t\tstyle=\"z-index:5;\"\n\t\t\t\t\t\t\t><img decoding=\"async\" src=\"\/\/turuncmalmen.com\/wp-content\/plugins\/revslider\/public\/assets\/assets\/dummy.png\" alt=\"\" class=\"tp-rs-img rs-lazyload\" width=\"768\" height=\"768\" data-lazyload=\"\/\/turuncmalmen.com\/wp-content\/uploads\/image00035-768x768-1.jpeg\" data-no-retina> \n\t\t\t\t\t\t\t<\/rs-layer><!--\n-->\t\t\t\t\t\t<\/rs-slide>\n\t\t\t\t\t\t<rs-slide style=\"position: absolute;\" data-key=\"rs-21\" data-title=\"Slide\" data-in=\"o:0;\" data-out=\"a:false;\">\n\t\t\t\t\t\t\t<img decoding=\"async\" src=\"\/\/turuncmalmen.com\/wp-content\/plugins\/revslider\/public\/assets\/assets\/dummy.png\" alt=\"Slide\" title=\"Reviews &#038; Comments\" class=\"rev-slidebg tp-rs-img rs-lazyload\" data-lazyload=\"\/\/turuncmalmen.com\/wp-content\/plugins\/revslider\/public\/assets\/assets\/transparent.png\" data-no-retina>\n<!--\n\t\t\t\t\t\t\t--><rs-layer\n\t\t\t\t\t\t\t\tid=\"slider-2-slide-21-layer-2\" \n\t\t\t\t\t\t\t\tdata-type=\"image\"\n\t\t\t\t\t\t\t\tdata-rsp_ch=\"on\"\n\t\t\t\t\t\t\t\tdata-xy=\"x:9px;y:21px;\"\n\t\t\t\t\t\t\t\tdata-text=\"w:normal;\"\n\t\t\t\t\t\t\t\tdata-dim=\"w:543px;h:407px;\"\n\t\t\t\t\t\t\t\tdata-border=\"bos:solid;bow:2px,2px,2px,0;bor:10px,10px,10px,10px;\"\n\t\t\t\t\t\t\t\tdata-frame_999=\"o:0;st:w;\"\n\t\t\t\t\t\t\t\tstyle=\"z-index:5;\"\n\t\t\t\t\t\t\t><img loading=\"lazy\" decoding=\"async\" src=\"\/\/turuncmalmen.com\/wp-content\/plugins\/revslider\/public\/assets\/assets\/dummy.png\" alt=\"\" class=\"tp-rs-img rs-lazyload\" width=\"1600\" height=\"1200\" data-lazyload=\"\/\/turuncmalmen.com\/wp-content\/uploads\/2479869F-8987-4853-A913-B11BF49EC719.jpeg\" data-no-retina> \n\t\t\t\t\t\t\t<\/rs-layer><!--\n-->\t\t\t\t\t\t<\/rs-slide>\n\t\t\t\t\t<\/rs-slides>\n\t\t\t\t<\/rs-module>\n\t\t\t\t<script>\n\t\t\t\t\tsetREVStartSize({c: 'rev_slider_2_1',rl:[1240,1024,778,480],el:[450],gw:[570],gh:[450],type:'standard',justify:'',layout:'fullwidth',mh:\"0\"});if (window.RS_MODULES!==undefined && window.RS_MODULES.modules!==undefined && window.RS_MODULES.modules[\"revslider21\"]!==undefined) {window.RS_MODULES.modules[\"revslider21\"].once = false;window.revapi2 = undefined;if (window.RS_MODULES.checkMinimal!==undefined) window.RS_MODULES.checkMinimal()}\n\t\t\t\t<\/script>\n\t\t\t<\/rs-module-wrap>\n\t\t\t<!-- END REVOLUTION SLIDER -->\n<\/div><\/div><\/div><\/div><div class=\"hidden-sm hidden-xs wpb_column vc_column_container vc_col-sm-6 vc_col-lg-6 vc_col-md-6 vc_col-xs-12\"><div class=\"vc_column-inner\"><div class=\"wpb_wrapper\"><div class=\"vc_row wpb_row vc_inner vc_row-fluid\"><div class=\"wpb_column vc_column_container vc_col-sm-12\"><div class=\"vc_column-inner\"><div class=\"wpb_wrapper\">\n\t<div  class=\"wpb_single_image wpb_content_element vc_align_left  vc_custom_1640288023365\">\n\t\t\n\t\t<figure class=\"wpb_wrapper vc_figure\">\n\t\t\t<div class=\"vc_single_image-wrapper   vc_box_border_grey\"><img loading=\"lazy\" decoding=\"async\" width=\"650\" height=\"264\" src=\"https:\/\/turuncmalmen.com\/wp-content\/uploads\/9537607A-401B-476F-BD17-16055F1E1F07.jpg\" class=\"vc_single_image-img attachment-full\" alt=\"\" srcset=\"https:\/\/turuncmalmen.com\/wp-content\/uploads\/9537607A-401B-476F-BD17-16055F1E1F07.jpg 650w, https:\/\/turuncmalmen.com\/wp-content\/uploads\/9537607A-401B-476F-BD17-16055F1E1F07-300x122.jpg 300w, https:\/\/turuncmalmen.com\/wp-content\/uploads\/9537607A-401B-476F-BD17-16055F1E1F07-18x7.jpg 18w\" sizes=\"(max-width: 650px) 100vw, 650px\" \/><\/div>\n\t\t<\/figure>\n\t<\/div>\n<\/div><\/div><\/div><\/div><div class=\"vc_row wpb_row vc_inner vc_row-fluid\"><div class=\"wpb_column vc_column_container vc_col-sm-6\"><div class=\"vc_column-inner\"><div class=\"wpb_wrapper\">\n\t<div  class=\"wpb_single_image wpb_content_element vc_align_left\">\n\t\t\n\t\t<figure class=\"wpb_wrapper vc_figure\">\n\t\t\t<div class=\"vc_single_image-wrapper   vc_box_border_grey\"><img loading=\"lazy\" decoding=\"async\" width=\"417\" height=\"321\" src=\"https:\/\/turuncmalmen.com\/wp-content\/uploads\/malmenoda.jpg\" class=\"vc_single_image-img attachment-full\" alt=\"\" srcset=\"https:\/\/turuncmalmen.com\/wp-content\/uploads\/malmenoda.jpg 417w, https:\/\/turuncmalmen.com\/wp-content\/uploads\/malmenoda-300x231.jpg 300w\" sizes=\"(max-width: 417px) 100vw, 417px\" \/><\/div>\n\t\t<\/figure>\n\t<\/div>\n<\/div><\/div><\/div><div class=\"wpb_column vc_column_container vc_col-sm-6\"><div class=\"vc_column-inner\"><div class=\"wpb_wrapper\">\n\t<div  class=\"wpb_single_image wpb_content_element vc_align_left\">\n\t\t\n\t\t<figure class=\"wpb_wrapper vc_figure\">\n\t\t\t<div class=\"vc_single_image-wrapper   vc_box_border_grey\"><img loading=\"lazy\" decoding=\"async\" width=\"417\" height=\"321\" src=\"https:\/\/turuncmalmen.com\/wp-content\/uploads\/malmenturunc.jpg\" class=\"vc_single_image-img attachment-full\" alt=\"\" srcset=\"https:\/\/turuncmalmen.com\/wp-content\/uploads\/malmenturunc.jpg 417w, https:\/\/turuncmalmen.com\/wp-content\/uploads\/malmenturunc-300x231.jpg 300w\" sizes=\"(max-width: 417px) 100vw, 417px\" \/><\/div>\n\t\t<\/figure>\n\t<\/div>\n<\/div><\/div><\/div><\/div><\/div><\/div><\/div><\/div><div class=\"vc_row wpb_row vc_row-fluid\"><div class=\"wpb_column vc_column_container vc_col-sm-12\"><div class=\"vc_column-inner\"><div class=\"wpb_wrapper\">\n\t<div class=\"wpb_text_column wpb_content_element  about-top\" >\n\t\t<div class=\"wpb_wrapper\">\n\t\t\t<h2 class=\"font-custom1\">Turun\u00e7 Malmen<\/h2>\n<h3>TRIPADVISOR REVIEWS<\/h3>\n<div data-src=\"https:\/\/cdn.trustindex.io\/loader.js?4c66a4f471dc4763c95d92cffb\"><\/div>\n\n\t\t<\/div>\n\t<\/div>\n<\/div><\/div><\/div><\/div><div class=\"vc_row wpb_row vc_row-fluid\"><div class=\"wpb_column vc_column_container vc_col-sm-12\"><div class=\"vc_column-inner\"><div class=\"wpb_wrapper\">\n\t<div class=\"wpb_text_column wpb_content_element  about-top\" >\n\t\t<div class=\"wpb_wrapper\">\n\t\t\t<h2 class=\"font-custom1\">Turun\u00e7 Malmen<\/h2>\n<h3>BOOKING REVIEWS<\/h3>\n<div data-src=\"https:\/\/cdn.trustindex.io\/loader.js?d6f8963473ce474fe254c75f19\"><\/div>\n\n\t\t<\/div>\n\t<\/div>\n<\/div><\/div><\/div><\/div>\n","protected":false},"excerpt":{"rendered":"Turun\u00e7 Malmen GOOGLE REVIEWS Turun\u00e7 Malmen TRIPADVISOR REVIEWS Turun\u00e7 Malmen BOOKING REVIEWS","protected":false},"author":1,"featured_media":0,"parent":0,"menu_order":0,"comment_status":"closed","ping_status":"closed","template":"","meta":{"footnotes":""},"class_list":["post-4835","page","type-page","status-publish","hentry"],"yoast_head":"<!-- This site is optimized with the Yoast SEO plugin v27.5 - https:\/\/yoast.com\/product\/yoast-seo-wordpress\/ -->\n<title>Reviews &amp; Comments - Turun\u00e7 Malmen Hotel<\/title>\n<meta name=\"robots\" content=\"index, follow, max-snippet:-1, max-image-preview:large, max-video-preview:-1\" \/>\n<link rel=\"canonical\" href=\"https:\/\/turuncmalmen.com\/tr\/reviews-comments\/\" \/>\n<meta property=\"og:locale\" content=\"tr_TR\" \/>\n<meta property=\"og:type\" content=\"article\" \/>\n<meta property=\"og:title\" content=\"Reviews &amp; Comments - Turun\u00e7 Malmen Hotel\" \/>\n<meta property=\"og:url\" content=\"https:\/\/turuncmalmen.com\/tr\/reviews-comments\/\" \/>\n<meta property=\"og:site_name\" content=\"Turun\u00e7 Malmen Hotel\" \/>\n<meta property=\"article:modified_time\" content=\"2021-12-23T19:33:45+00:00\" \/>\n<meta name=\"twitter:card\" content=\"summary_large_image\" \/>\n<meta name=\"twitter:label1\" content=\"Tahmini okuma s\u00fcresi\" \/>\n\t<meta name=\"twitter:data1\" content=\"2 dakika\" \/>\n<script type=\"application\/ld+json\" class=\"yoast-schema-graph\">{\"@context\":\"https:\\\/\\\/schema.org\",\"@graph\":[{\"@type\":\"WebPage\",\"@id\":\"https:\\\/\\\/turuncmalmen.com\\\/reviews-comments\\\/\",\"url\":\"https:\\\/\\\/turuncmalmen.com\\\/reviews-comments\\\/\",\"name\":\"Reviews & Comments - Turun\u00e7 Malmen Hotel\",\"isPartOf\":{\"@id\":\"https:\\\/\\\/turuncmalmen.com\\\/#website\"},\"datePublished\":\"2021-11-20T11:36:12+00:00\",\"dateModified\":\"2021-12-23T19:33:45+00:00\",\"inLanguage\":\"tr\",\"potentialAction\":[{\"@type\":\"ReadAction\",\"target\":[\"https:\\\/\\\/turuncmalmen.com\\\/reviews-comments\\\/\"]}]},{\"@type\":\"WebSite\",\"@id\":\"https:\\\/\\\/turuncmalmen.com\\\/#website\",\"url\":\"https:\\\/\\\/turuncmalmen.com\\\/\",\"name\":\"Turun\u00e7 Malmen Hotel\",\"description\":\"Marmaris Turun\u00e7 Malmen Hotel\",\"publisher\":{\"@id\":\"https:\\\/\\\/turuncmalmen.com\\\/#organization\"},\"potentialAction\":[{\"@type\":\"SearchAction\",\"target\":{\"@type\":\"EntryPoint\",\"urlTemplate\":\"https:\\\/\\\/turuncmalmen.com\\\/?s={search_term_string}\"},\"query-input\":{\"@type\":\"PropertyValueSpecification\",\"valueRequired\":true,\"valueName\":\"search_term_string\"}}],\"inLanguage\":\"tr\"},{\"@type\":\"Organization\",\"@id\":\"https:\\\/\\\/turuncmalmen.com\\\/#organization\",\"name\":\"Turun\u00e7 Malmen Hotel\",\"url\":\"https:\\\/\\\/turuncmalmen.com\\\/\",\"logo\":{\"@type\":\"ImageObject\",\"inLanguage\":\"tr\",\"@id\":\"https:\\\/\\\/turuncmalmen.com\\\/#\\\/schema\\\/logo\\\/image\\\/\",\"url\":\"https:\\\/\\\/turuncmalmen.com\\\/wp-content\\\/uploads\\\/logo-malmen3.png\",\"contentUrl\":\"https:\\\/\\\/turuncmalmen.com\\\/wp-content\\\/uploads\\\/logo-malmen3.png\",\"width\":302,\"height\":58,\"caption\":\"Turun\u00e7 Malmen Hotel\"},\"image\":{\"@id\":\"https:\\\/\\\/turuncmalmen.com\\\/#\\\/schema\\\/logo\\\/image\\\/\"}}]}<\/script>\n<!-- \/ Yoast SEO plugin. -->","yoast_head_json":{"title":"Reviews &amp; Comments - Turun\u00e7 Malmen Hotel","robots":{"index":"index","follow":"follow","max-snippet":"max-snippet:-1","max-image-preview":"max-image-preview:large","max-video-preview":"max-video-preview:-1"},"canonical":"https:\/\/turuncmalmen.com\/tr\/reviews-comments\/","og_locale":"tr_TR","og_type":"article","og_title":"Reviews & Comments - Turun\u00e7 Malmen Hotel","og_url":"https:\/\/turuncmalmen.com\/tr\/reviews-comments\/","og_site_name":"Turun\u00e7 Malmen Hotel","article_modified_time":"2021-12-23T19:33:45+00:00","twitter_card":"summary_large_image","twitter_misc":{"Tahmini okuma s\u00fcresi":"2 dakika"},"schema":{"@context":"https:\/\/schema.org","@graph":[{"@type":"WebPage","@id":"https:\/\/turuncmalmen.com\/reviews-comments\/","url":"https:\/\/turuncmalmen.com\/reviews-comments\/","name":"Reviews &amp; Comments - Turun\u00e7 Malmen Hotel","isPartOf":{"@id":"https:\/\/turuncmalmen.com\/#website"},"datePublished":"2021-11-20T11:36:12+00:00","dateModified":"2021-12-23T19:33:45+00:00","inLanguage":"tr","potentialAction":[{"@type":"ReadAction","target":["https:\/\/turuncmalmen.com\/reviews-comments\/"]}]},{"@type":"WebSite","@id":"https:\/\/turuncmalmen.com\/#website","url":"https:\/\/turuncmalmen.com\/","name":"Turun\u00e7 Malmen Hotel","description":"Marmaris Turun\u00e7 Malmen Hotel","publisher":{"@id":"https:\/\/turuncmalmen.com\/#organization"},"potentialAction":[{"@type":"SearchAction","target":{"@type":"EntryPoint","urlTemplate":"https:\/\/turuncmalmen.com\/?s={search_term_string}"},"query-input":{"@type":"PropertyValueSpecification","valueRequired":true,"valueName":"search_term_string"}}],"inLanguage":"tr"},{"@type":"Organization","@id":"https:\/\/turuncmalmen.com\/#organization","name":"Turun\u00e7 Malmen Hotel","url":"https:\/\/turuncmalmen.com\/","logo":{"@type":"ImageObject","inLanguage":"tr","@id":"https:\/\/turuncmalmen.com\/#\/schema\/logo\/image\/","url":"https:\/\/turuncmalmen.com\/wp-content\/uploads\/logo-malmen3.png","contentUrl":"https:\/\/turuncmalmen.com\/wp-content\/uploads\/logo-malmen3.png","width":302,"height":58,"caption":"Turun\u00e7 Malmen Hotel"},"image":{"@id":"https:\/\/turuncmalmen.com\/#\/schema\/logo\/image\/"}}]}},"_links":{"self":[{"href":"https:\/\/turuncmalmen.com\/tr\/wp-json\/wp\/v2\/pages\/4835","targetHints":{"allow":["GET"]}}],"collection":[{"href":"https:\/\/turuncmalmen.com\/tr\/wp-json\/wp\/v2\/pages"}],"about":[{"href":"https:\/\/turuncmalmen.com\/tr\/wp-json\/wp\/v2\/types\/page"}],"author":[{"embeddable":true,"href":"https:\/\/turuncmalmen.com\/tr\/wp-json\/wp\/v2\/users\/1"}],"replies":[{"embeddable":true,"href":"https:\/\/turuncmalmen.com\/tr\/wp-json\/wp\/v2\/comments?post=4835"}],"version-history":[{"count":11,"href":"https:\/\/turuncmalmen.com\/tr\/wp-json\/wp\/v2\/pages\/4835\/revisions"}],"predecessor-version":[{"id":5319,"href":"https:\/\/turuncmalmen.com\/tr\/wp-json\/wp\/v2\/pages\/4835\/revisions\/5319"}],"wp:attachment":[{"href":"https:\/\/turuncmalmen.com\/tr\/wp-json\/wp\/v2\/media?parent=4835"}],"curies":[{"name":"wp","href":"https:\/\/api.w.org\/{rel}","templated":true}]}}