{"id":4051,"date":"2017-11-02T07:43:35","date_gmt":"2017-11-02T07:43:35","guid":{"rendered":"https:\/\/demo.wpthemego.com\/themes\/sw_kingplace\/?page_id=4051"},"modified":"2021-09-16T12:30:10","modified_gmt":"2021-09-16T09:30:10","slug":"rezervasyon","status":"publish","type":"page","link":"https:\/\/turuncmalmen.com\/tr\/rezervasyon\/","title":{"rendered":"Rezervasyon"},"content":{"rendered":"<div class=\"vc_row wpb_row vc_row-fluid vc_custom_1509940385335\"><div class=\"wpb_column vc_column_container vc_col-sm-12\"><div class=\"vc_column-inner\"><div class=\"wpb_wrapper\"><p class=\"wpcf7-contact-form-not-found\"><strong>Hata:<\/strong> \u0130leti\u015fim formu bulunamad\u0131.<\/p><\/div><\/div><\/div><\/div>","protected":false},"excerpt":{"rendered":"Hata: \u0130leti\u015fim formu bulunamad\u0131.","protected":false},"author":1,"featured_media":0,"parent":0,"menu_order":0,"comment_status":"closed","ping_status":"closed","template":"","meta":{"footnotes":""},"class_list":["post-4051","page","type-page","status-publish","hentry"],"yoast_head":"<!-- This site is optimized with the Yoast SEO plugin v27.5 - https:\/\/yoast.com\/product\/yoast-seo-wordpress\/ -->\n<title>Rezervasyon - Turun\u00e7 Malmen Hotel<\/title>\n<meta name=\"robots\" content=\"index, follow, max-snippet:-1, max-image-preview:large, max-video-preview:-1\" \/>\n<link rel=\"canonical\" href=\"https:\/\/turuncmalmen.com\/tr\/rezervasyon\/\" \/>\n<meta property=\"og:locale\" content=\"tr_TR\" \/>\n<meta property=\"og:type\" content=\"article\" \/>\n<meta property=\"og:title\" content=\"Rezervasyon - Turun\u00e7 Malmen Hotel\" \/>\n<meta property=\"og:url\" content=\"https:\/\/turuncmalmen.com\/tr\/rezervasyon\/\" \/>\n<meta property=\"og:site_name\" content=\"Turun\u00e7 Malmen Hotel\" \/>\n<meta property=\"article:modified_time\" content=\"2021-09-16T09:30:10+00:00\" \/>\n<meta name=\"twitter:card\" content=\"summary_large_image\" \/>\n<script type=\"application\/ld+json\" class=\"yoast-schema-graph\">{\"@context\":\"https:\\\/\\\/schema.org\",\"@graph\":[{\"@type\":\"WebPage\",\"@id\":\"https:\\\/\\\/turuncmalmen.com\\\/rezervasyon\\\/\",\"url\":\"https:\\\/\\\/turuncmalmen.com\\\/rezervasyon\\\/\",\"name\":\"Rezervasyon - Turun\u00e7 Malmen Hotel\",\"isPartOf\":{\"@id\":\"https:\\\/\\\/turuncmalmen.com\\\/#website\"},\"datePublished\":\"2017-11-02T07:43:35+00:00\",\"dateModified\":\"2021-09-16T09:30:10+00:00\",\"inLanguage\":\"tr\",\"potentialAction\":[{\"@type\":\"ReadAction\",\"target\":[\"https:\\\/\\\/turuncmalmen.com\\\/rezervasyon\\\/\"]}]},{\"@type\":\"WebSite\",\"@id\":\"https:\\\/\\\/turuncmalmen.com\\\/#website\",\"url\":\"https:\\\/\\\/turuncmalmen.com\\\/\",\"name\":\"Turun\u00e7 Malmen Hotel\",\"description\":\"Marmaris Turun\u00e7 Malmen Hotel\",\"publisher\":{\"@id\":\"https:\\\/\\\/turuncmalmen.com\\\/#organization\"},\"potentialAction\":[{\"@type\":\"SearchAction\",\"target\":{\"@type\":\"EntryPoint\",\"urlTemplate\":\"https:\\\/\\\/turuncmalmen.com\\\/?s={search_term_string}\"},\"query-input\":{\"@type\":\"PropertyValueSpecification\",\"valueRequired\":true,\"valueName\":\"search_term_string\"}}],\"inLanguage\":\"tr\"},{\"@type\":\"Organization\",\"@id\":\"https:\\\/\\\/turuncmalmen.com\\\/#organization\",\"name\":\"Turun\u00e7 Malmen Hotel\",\"url\":\"https:\\\/\\\/turuncmalmen.com\\\/\",\"logo\":{\"@type\":\"ImageObject\",\"inLanguage\":\"tr\",\"@id\":\"https:\\\/\\\/turuncmalmen.com\\\/#\\\/schema\\\/logo\\\/image\\\/\",\"url\":\"https:\\\/\\\/turuncmalmen.com\\\/wp-content\\\/uploads\\\/logo-malmen3.png\",\"contentUrl\":\"https:\\\/\\\/turuncmalmen.com\\\/wp-content\\\/uploads\\\/logo-malmen3.png\",\"width\":302,\"height\":58,\"caption\":\"Turun\u00e7 Malmen Hotel\"},\"image\":{\"@id\":\"https:\\\/\\\/turuncmalmen.com\\\/#\\\/schema\\\/logo\\\/image\\\/\"}}]}<\/script>\n<!-- \/ Yoast SEO plugin. -->","yoast_head_json":{"title":"Rezervasyon - Turun\u00e7 Malmen Hotel","robots":{"index":"index","follow":"follow","max-snippet":"max-snippet:-1","max-image-preview":"max-image-preview:large","max-video-preview":"max-video-preview:-1"},"canonical":"https:\/\/turuncmalmen.com\/tr\/rezervasyon\/","og_locale":"tr_TR","og_type":"article","og_title":"Rezervasyon - Turun\u00e7 Malmen Hotel","og_url":"https:\/\/turuncmalmen.com\/tr\/rezervasyon\/","og_site_name":"Turun\u00e7 Malmen Hotel","article_modified_time":"2021-09-16T09:30:10+00:00","twitter_card":"summary_large_image","schema":{"@context":"https:\/\/schema.org","@graph":[{"@type":"WebPage","@id":"https:\/\/turuncmalmen.com\/rezervasyon\/","url":"https:\/\/turuncmalmen.com\/rezervasyon\/","name":"Rezervasyon - Turun\u00e7 Malmen Hotel","isPartOf":{"@id":"https:\/\/turuncmalmen.com\/#website"},"datePublished":"2017-11-02T07:43:35+00:00","dateModified":"2021-09-16T09:30:10+00:00","inLanguage":"tr","potentialAction":[{"@type":"ReadAction","target":["https:\/\/turuncmalmen.com\/rezervasyon\/"]}]},{"@type":"WebSite","@id":"https:\/\/turuncmalmen.com\/#website","url":"https:\/\/turuncmalmen.com\/","name":"Turun\u00e7 Malmen Hotel","description":"Marmaris Turun\u00e7 Malmen Hotel","publisher":{"@id":"https:\/\/turuncmalmen.com\/#organization"},"potentialAction":[{"@type":"SearchAction","target":{"@type":"EntryPoint","urlTemplate":"https:\/\/turuncmalmen.com\/?s={search_term_string}"},"query-input":{"@type":"PropertyValueSpecification","valueRequired":true,"valueName":"search_term_string"}}],"inLanguage":"tr"},{"@type":"Organization","@id":"https:\/\/turuncmalmen.com\/#organization","name":"Turun\u00e7 Malmen Hotel","url":"https:\/\/turuncmalmen.com\/","logo":{"@type":"ImageObject","inLanguage":"tr","@id":"https:\/\/turuncmalmen.com\/#\/schema\/logo\/image\/","url":"https:\/\/turuncmalmen.com\/wp-content\/uploads\/logo-malmen3.png","contentUrl":"https:\/\/turuncmalmen.com\/wp-content\/uploads\/logo-malmen3.png","width":302,"height":58,"caption":"Turun\u00e7 Malmen Hotel"},"image":{"@id":"https:\/\/turuncmalmen.com\/#\/schema\/logo\/image\/"}}]}},"_links":{"self":[{"href":"https:\/\/turuncmalmen.com\/tr\/wp-json\/wp\/v2\/pages\/4051","targetHints":{"allow":["GET"]}}],"collection":[{"href":"https:\/\/turuncmalmen.com\/tr\/wp-json\/wp\/v2\/pages"}],"about":[{"href":"https:\/\/turuncmalmen.com\/tr\/wp-json\/wp\/v2\/types\/page"}],"author":[{"embeddable":true,"href":"https:\/\/turuncmalmen.com\/tr\/wp-json\/wp\/v2\/users\/1"}],"replies":[{"embeddable":true,"href":"https:\/\/turuncmalmen.com\/tr\/wp-json\/wp\/v2\/comments?post=4051"}],"version-history":[{"count":1,"href":"https:\/\/turuncmalmen.com\/tr\/wp-json\/wp\/v2\/pages\/4051\/revisions"}],"predecessor-version":[{"id":4545,"href":"https:\/\/turuncmalmen.com\/tr\/wp-json\/wp\/v2\/pages\/4051\/revisions\/4545"}],"wp:attachment":[{"href":"https:\/\/turuncmalmen.com\/tr\/wp-json\/wp\/v2\/media?parent=4051"}],"curies":[{"name":"wp","href":"https:\/\/api.w.org\/{rel}","templated":true}]}}